{"id":12336,"date":"2024-12-19T17:05:23","date_gmt":"2024-12-19T17:05:23","guid":{"rendered":"https:\/\/mmonicafernandez.com\/?page_id=12336"},"modified":"2025-05-31T06:24:13","modified_gmt":"2025-05-31T06:24:13","slug":"bio","status":"publish","type":"page","link":"https:\/\/mmonicafernandez.com\/?page_id=12336","title":{"rendered":"Bio"},"content":{"rendered":"\t\t<div data-elementor-type=\"wp-page\" data-elementor-id=\"12336\" class=\"elementor elementor-12336\">\n\t\t\t\t\t\t<section class=\"elementor-section elementor-top-section elementor-element elementor-element-e832c4f background-fixed elementor-section-full_width elementor-section-height-min-height elementor-section-height-default elementor-section-items-middle\" data-id=\"e832c4f\" data-element_type=\"section\" data-e-type=\"section\" data-settings=\"{&quot;background_background&quot;:&quot;classic&quot;,&quot;shape_divider_bottom&quot;:&quot;waves&quot;}\">\n\t\t\t\t\t\t\t<div class=\"elementor-background-overlay\"><\/div>\n\t\t\t\t\t\t<div class=\"elementor-shape elementor-shape-bottom\" aria-hidden=\"true\" data-negative=\"false\">\n\t\t\t<svg xmlns=\"http:\/\/www.w3.org\/2000\/svg\" viewBox=\"0 0 1000 100\" preserveAspectRatio=\"none\">\n\t<path class=\"elementor-shape-fill\" d=\"M421.9,6.5c22.6-2.5,51.5,0.4,75.5,5.3c23.6,4.9,70.9,23.5,100.5,35.7c75.8,32.2,133.7,44.5,192.6,49.7\n\tc23.6,2.1,48.7,3.5,103.4-2.5c54.7-6,106.2-25.6,106.2-25.6V0H0v30.3c0,0,72,32.6,158.4,30.5c39.2-0.7,92.8-6.7,134-22.4\n\tc21.2-8.1,52.2-18.2,79.7-24.2C399.3,7.9,411.6,7.5,421.9,6.5z\"\/>\n<\/svg>\t\t<\/div>\n\t\t\t\t\t<div class=\"elementor-container elementor-column-gap-default\">\n\t\t\t\t\t<div class=\"elementor-column elementor-col-100 elementor-top-column elementor-element elementor-element-5917fff\" data-id=\"5917fff\" data-element_type=\"column\" data-e-type=\"column\">\n\t\t\t<div class=\"elementor-widget-wrap elementor-element-populated\">\n\t\t\t\t\t\t<div class=\"elementor-element elementor-element-11688cf elementor-widget elementor-widget-heading\" data-id=\"11688cf\" data-element_type=\"widget\" data-e-type=\"widget\" data-widget_type=\"heading.default\">\n\t\t\t\t<div class=\"elementor-widget-container\">\n\t\t\t\t\t<h1 class=\"elementor-heading-title elementor-size-default\">EXPLORING STORIES<\/h1>\t\t\t\t<\/div>\n\t\t\t\t<\/div>\n\t\t\t\t<div class=\"elementor-element elementor-element-0b9578e elementor-widget elementor-widget-heading\" data-id=\"0b9578e\" data-element_type=\"widget\" data-e-type=\"widget\" data-widget_type=\"heading.default\">\n\t\t\t\t<div class=\"elementor-widget-container\">\n\t\t\t\t\t<h5 class=\"elementor-heading-title elementor-size-default\">CREATING CONNECTIONS<\/h5>\t\t\t\t<\/div>\n\t\t\t\t<\/div>\n\t\t\t\t\t<\/div>\n\t\t<\/div>\n\t\t\t\t\t<\/div>\n\t\t<\/section>\n\t\t<div class=\"elementor-element elementor-element-4b22c1a e-flex e-con-boxed e-con e-parent\" data-id=\"4b22c1a\" data-element_type=\"container\" data-e-type=\"container\">\n\t\t\t\t\t<div class=\"e-con-inner\">\n\t\t<div class=\"elementor-element elementor-element-a5ef9fc e-con-full e-flex e-con e-child\" data-id=\"a5ef9fc\" data-element_type=\"container\" data-e-type=\"container\">\n\t\t\t\t<div class=\"elementor-element elementor-element-3fea9a2 elementor-widget elementor-widget-spacer\" data-id=\"3fea9a2\" data-element_type=\"widget\" data-e-type=\"widget\" data-widget_type=\"spacer.default\">\n\t\t\t\t<div class=\"elementor-widget-container\">\n\t\t\t\t\t\t\t<div class=\"elementor-spacer\">\n\t\t\t<div class=\"elementor-spacer-inner\"><\/div>\n\t\t<\/div>\n\t\t\t\t\t\t<\/div>\n\t\t\t\t<\/div>\n\t\t\t\t<div class=\"elementor-element elementor-element-34ca6f5 elementor-widget elementor-widget-heading\" data-id=\"34ca6f5\" data-element_type=\"widget\" data-e-type=\"widget\" data-widget_type=\"heading.default\">\n\t\t\t\t<div class=\"elementor-widget-container\">\n\t\t\t\t\t<h2 class=\"elementor-heading-title elementor-size-default\">Mar\u00eda M\u00f3nica Fern\u00e1ndez<\/h2>\t\t\t\t<\/div>\n\t\t\t\t<\/div>\n\t\t\t\t<div class=\"elementor-element elementor-element-6d478db elementor-widget elementor-widget-katen-section-header\" data-id=\"6d478db\" data-element_type=\"widget\" data-e-type=\"widget\" data-widget_type=\"katen-section-header.default\">\n\t\t\t\t<div class=\"elementor-widget-container\">\n\t\t\t\t\t\n\t\t\t<div class=\"section-header\">\n\t\t\t\t<h3 class=\"section-title\"><\/h3>\n\t\t\t\t\t\t\t\t\t<svg width=\"33\" height=\"6\" xmlns=\"http:\/\/www.w3.org\/2000\/svg\">\n\t\t\t\t\t\t<defs>\n\t\t\t\t\t\t\t<linearGradient id=\"gradient\" x1=\"0%\" y1=\"0%\" x2=\"100%\" y2=\"0%\">\n\t\t\t\t\t\t\t\t<stop offset=\"0%\" stop-color=\"#ea3323\"><\/stop>\n\t\t\t\t\t\t\t\t<stop offset=\"100%\" stop-color=\"#7b1912\"><\/stop>\n\t\t\t\t\t\t\t<\/linearGradient>\n\t\t\t\t\t\t\t<\/defs>\n\t\t\t\t\t\t<path d=\"M33 1c-3.3 0-3.3 4-6.598 4C23.1 5 23.1 1 19.8 1c-3.3 0-3.3 4-6.599 4-3.3 0-3.3-4-6.6-4S3.303 5 0 5\" stroke=\"url(#gradient)\" stroke-width=\"2\" fill=\"none\"><\/path>\n\t\t\t\t\t<\/svg>\n\t\t\t\t\t\t\t\t\t\t\t<\/div>\n\n        \t\t\t\t<\/div>\n\t\t\t\t<\/div>\n\t\t\t\t<div class=\"elementor-element elementor-element-7ac5a8a elementor-widget elementor-widget-heading\" data-id=\"7ac5a8a\" data-element_type=\"widget\" data-e-type=\"widget\" data-widget_type=\"heading.default\">\n\t\t\t\t<div class=\"elementor-widget-container\">\n\t\t\t\t\t<h5 class=\"elementor-heading-title elementor-size-default\">Her work has earned significant recognition, including a nomination for the prestigious NAHJ \u00d1 Award for a standout multimedia project at CUNY\u2019s Craig Newmark Graduate School of Journalism. She\u2019s a Univision Scholarship recipient and was honored by the Women\u2019s Media Group for her dedication to impactful reporting. As a member of Investigative Reporters and Editors (IRE), she\u2019s driven by a passion for uncovering the truth, crafting compelling stories, and connecting with diverse audiences in meaningful ways.<\/h5>\t\t\t\t<\/div>\n\t\t\t\t<\/div>\n\t\t\t\t<div class=\"elementor-element elementor-element-c7829a8 elementor-widget elementor-widget-spacer\" data-id=\"c7829a8\" data-element_type=\"widget\" data-e-type=\"widget\" data-widget_type=\"spacer.default\">\n\t\t\t\t<div class=\"elementor-widget-container\">\n\t\t\t\t\t\t\t<div class=\"elementor-spacer\">\n\t\t\t<div class=\"elementor-spacer-inner\"><\/div>\n\t\t<\/div>\n\t\t\t\t\t\t<\/div>\n\t\t\t\t<\/div>\n\t\t\t\t<\/div>\n\t\t\t\t\t<\/div>\n\t\t\t\t<\/div>\n\t\t\t\t<section class=\"elementor-section elementor-top-section elementor-element elementor-element-5332dbb background-fixed elementor-section-full_width elementor-section-height-min-height elementor-section-height-default elementor-section-items-middle\" data-id=\"5332dbb\" data-element_type=\"section\" data-e-type=\"section\" data-settings=\"{&quot;background_background&quot;:&quot;slideshow&quot;,&quot;background_slideshow_gallery&quot;:[{&quot;id&quot;:1031,&quot;url&quot;:&quot;https:\\\/\\\/mmonicafernandez.com\\\/wp-content\\\/uploads\\\/2024\\\/09\\\/Header-02-1.png&quot;},{&quot;id&quot;:1035,&quot;url&quot;:&quot;https:\\\/\\\/mmonicafernandez.com\\\/wp-content\\\/uploads\\\/2024\\\/09\\\/Header-Final.png&quot;},{&quot;id&quot;:1088,&quot;url&quot;:&quot;https:\\\/\\\/mmonicafernandez.com\\\/wp-content\\\/uploads\\\/2024\\\/09\\\/Bio-Profile.png&quot;}],&quot;background_slideshow_loop&quot;:&quot;yes&quot;,&quot;background_slideshow_slide_duration&quot;:5000,&quot;background_slideshow_slide_transition&quot;:&quot;fade&quot;,&quot;background_slideshow_transition_duration&quot;:500}\">\n\t\t\t\t\t\t\t<div class=\"elementor-background-overlay\"><\/div>\n\t\t\t\t\t\t\t<div class=\"elementor-container elementor-column-gap-default\">\n\t\t\t\t\t<div class=\"elementor-column elementor-col-100 elementor-top-column elementor-element elementor-element-5c8711d\" data-id=\"5c8711d\" data-element_type=\"column\" data-e-type=\"column\">\n\t\t\t<div class=\"elementor-widget-wrap\">\n\t\t\t\t\t\t\t<\/div>\n\t\t<\/div>\n\t\t\t\t\t<\/div>\n\t\t<\/section>\n\t\t<div class=\"elementor-element elementor-element-6fe95f3 e-flex e-con-boxed e-con e-parent\" data-id=\"6fe95f3\" data-element_type=\"container\" data-e-type=\"container\">\n\t\t\t\t\t<div class=\"e-con-inner\">\n\t\t<div class=\"elementor-element elementor-element-0c2268a e-con-full e-flex e-con e-child\" data-id=\"0c2268a\" data-element_type=\"container\" data-e-type=\"container\">\n\t\t\t\t<div class=\"elementor-element elementor-element-0afa621 elementor-widget elementor-widget-spacer\" data-id=\"0afa621\" data-element_type=\"widget\" data-e-type=\"widget\" data-widget_type=\"spacer.default\">\n\t\t\t\t<div class=\"elementor-widget-container\">\n\t\t\t\t\t\t\t<div class=\"elementor-spacer\">\n\t\t\t<div class=\"elementor-spacer-inner\"><\/div>\n\t\t<\/div>\n\t\t\t\t\t\t<\/div>\n\t\t\t\t<\/div>\n\t\t\t\t<div class=\"elementor-element elementor-element-f270638 elementor-widget elementor-widget-heading\" data-id=\"f270638\" data-element_type=\"widget\" data-e-type=\"widget\" data-widget_type=\"heading.default\">\n\t\t\t\t<div class=\"elementor-widget-container\">\n\t\t\t\t\t<h2 class=\"elementor-heading-title elementor-size-default\">Resume<\/h2>\t\t\t\t<\/div>\n\t\t\t\t<\/div>\n\t\t\t\t<div class=\"elementor-element elementor-element-4485cae elementor-widget elementor-widget-katen-section-header\" data-id=\"4485cae\" data-element_type=\"widget\" data-e-type=\"widget\" data-widget_type=\"katen-section-header.default\">\n\t\t\t\t<div class=\"elementor-widget-container\">\n\t\t\t\t\t\n\t\t\t<div class=\"section-header\">\n\t\t\t\t<h3 class=\"section-title\"><\/h3>\n\t\t\t\t\t\t\t\t\t<svg width=\"33\" height=\"6\" xmlns=\"http:\/\/www.w3.org\/2000\/svg\">\n\t\t\t\t\t\t<defs>\n\t\t\t\t\t\t\t<linearGradient id=\"gradient\" x1=\"0%\" y1=\"0%\" x2=\"100%\" y2=\"0%\">\n\t\t\t\t\t\t\t\t<stop offset=\"0%\" stop-color=\"#ea3323\"><\/stop>\n\t\t\t\t\t\t\t\t<stop offset=\"100%\" stop-color=\"#7b1912\"><\/stop>\n\t\t\t\t\t\t\t<\/linearGradient>\n\t\t\t\t\t\t\t<\/defs>\n\t\t\t\t\t\t<path d=\"M33 1c-3.3 0-3.3 4-6.598 4C23.1 5 23.1 1 19.8 1c-3.3 0-3.3 4-6.599 4-3.3 0-3.3-4-6.6-4S3.303 5 0 5\" stroke=\"url(#gradient)\" stroke-width=\"2\" fill=\"none\"><\/path>\n\t\t\t\t\t<\/svg>\n\t\t\t\t\t\t\t\t\t\t\t<\/div>\n\n        \t\t\t\t<\/div>\n\t\t\t\t<\/div>\n\t\t\t\t<div class=\"elementor-element elementor-element-eea9948 e-n-tabs-mobile elementor-widget elementor-widget-n-tabs\" data-id=\"eea9948\" data-element_type=\"widget\" data-e-type=\"widget\" data-settings=\"{&quot;horizontal_scroll&quot;:&quot;disable&quot;}\" data-widget_type=\"nested-tabs.default\">\n\t\t\t\t<div class=\"elementor-widget-container\">\n\t\t\t\t\t\t\t<div class=\"e-n-tabs\" data-widget-number=\"250255688\" aria-label=\"Tabs. Open items with Enter or Space, close with Escape and navigate using the Arrow keys.\">\n\t\t\t<div class=\"e-n-tabs-heading\" role=\"tablist\">\n\t\t\t\t\t<button id=\"e-n-tab-title-2502556881\" data-tab-title-id=\"e-n-tab-title-2502556881\" class=\"e-n-tab-title\" aria-selected=\"true\" data-tab-index=\"1\" role=\"tab\" tabindex=\"0\" aria-controls=\"e-n-tab-content-2502556881\" style=\"--n-tabs-title-order: 1;\">\n\t\t\t\t\t\t<span class=\"e-n-tab-title-text\">\n\t\t\t\tEXPERINCE\t\t\t<\/span>\n\t\t<\/button>\n\t\t\t\t<button id=\"e-n-tab-title-2502556882\" data-tab-title-id=\"e-n-tab-title-2502556882\" class=\"e-n-tab-title\" aria-selected=\"false\" data-tab-index=\"2\" role=\"tab\" tabindex=\"-1\" aria-controls=\"e-n-tab-content-2502556882\" style=\"--n-tabs-title-order: 2;\">\n\t\t\t\t\t\t<span class=\"e-n-tab-title-text\">\n\t\t\t\tEDUCATION\t\t\t<\/span>\n\t\t<\/button>\n\t\t\t\t\t<\/div>\n\t\t\t<div class=\"e-n-tabs-content\">\n\t\t\t\t<div id=\"e-n-tab-content-2502556881\" role=\"tabpanel\" aria-labelledby=\"e-n-tab-title-2502556881\" data-tab-index=\"1\" style=\"--n-tabs-title-order: 1;\" class=\"e-active elementor-element elementor-element-fefc8a1 e-con-full e-flex e-con e-child\" data-id=\"fefc8a1\" data-element_type=\"container\" data-e-type=\"container\">\n\t\t<div class=\"elementor-element elementor-element-f6de93c e-con-full e-flex e-con e-child\" data-id=\"f6de93c\" data-element_type=\"container\" data-e-type=\"container\">\n\t\t\t\t<div class=\"elementor-element elementor-element-06de681 elementor-widget elementor-widget-heading\" data-id=\"06de681\" data-element_type=\"widget\" data-e-type=\"widget\" data-widget_type=\"heading.default\">\n\t\t\t\t<div class=\"elementor-widget-container\">\n\t\t\t\t\t<h2 class=\"elementor-heading-title elementor-size-default\">NEWS ASSISTANT Producer - Telemundo 47 <\/h2>\t\t\t\t<\/div>\n\t\t\t\t<\/div>\n\t\t\t\t<div class=\"elementor-element elementor-element-c5a5105 elementor-widget elementor-widget-heading\" data-id=\"c5a5105\" data-element_type=\"widget\" data-e-type=\"widget\" data-widget_type=\"heading.default\">\n\t\t\t\t<div class=\"elementor-widget-container\">\n\t\t\t\t\t<h2 class=\"elementor-heading-title elementor-size-default\">Video Content Creator - American Council of Learned Societies\u200b<\/h2>\t\t\t\t<\/div>\n\t\t\t\t<\/div>\n\t\t\t\t<div class=\"elementor-element elementor-element-90af1bc elementor-widget elementor-widget-heading\" data-id=\"90af1bc\" data-element_type=\"widget\" data-e-type=\"widget\" data-widget_type=\"heading.default\">\n\t\t\t\t<div class=\"elementor-widget-container\">\n\t\t\t\t\t<h2 class=\"elementor-heading-title elementor-size-default\">Multimedia Reporter - Montclair local\n<\/h2>\t\t\t\t<\/div>\n\t\t\t\t<\/div>\n\t\t\t\t<\/div>\n\t\t\t\t<\/div>\n\t\t<div id=\"e-n-tab-content-2502556882\" role=\"tabpanel\" aria-labelledby=\"e-n-tab-title-2502556882\" data-tab-index=\"2\" style=\"--n-tabs-title-order: 2;\" class=\" elementor-element elementor-element-6056128 e-con-full e-flex e-con e-child\" data-id=\"6056128\" data-element_type=\"container\" data-e-type=\"container\">\n\t\t\t\t<div class=\"elementor-element elementor-element-59fbf47 elementor-widget elementor-widget-heading\" data-id=\"59fbf47\" data-element_type=\"widget\" data-e-type=\"widget\" data-widget_type=\"heading.default\">\n\t\t\t\t<div class=\"elementor-widget-container\">\n\t\t\t\t\t<h2 class=\"elementor-heading-title elementor-size-default\">m.a bilingual journalism <\/h2>\t\t\t\t<\/div>\n\t\t\t\t<\/div>\n\t\t\t\t<div class=\"elementor-element elementor-element-388365a elementor-widget elementor-widget-heading\" data-id=\"388365a\" data-element_type=\"widget\" data-e-type=\"widget\" data-widget_type=\"heading.default\">\n\t\t\t\t<div class=\"elementor-widget-container\">\n\t\t\t\t\t<p class=\"elementor-heading-title elementor-size-default\">Craig Newmark Graduate School of Journalism at CUNY<\/p>\t\t\t\t<\/div>\n\t\t\t\t<\/div>\n\t\t\t\t<div class=\"elementor-element elementor-element-643a659 elementor-widget elementor-widget-heading\" data-id=\"643a659\" data-element_type=\"widget\" data-e-type=\"widget\" data-widget_type=\"heading.default\">\n\t\t\t\t<div class=\"elementor-widget-container\">\n\t\t\t\t\t<h2 class=\"elementor-heading-title elementor-size-default\">multimedia reporting<\/h2>\t\t\t\t<\/div>\n\t\t\t\t<\/div>\n\t\t\t\t<div class=\"elementor-element elementor-element-0a27eb9 elementor-widget elementor-widget-heading\" data-id=\"0a27eb9\" data-element_type=\"widget\" data-e-type=\"widget\" data-widget_type=\"heading.default\">\n\t\t\t\t<div class=\"elementor-widget-container\">\n\t\t\t\t\t<p class=\"elementor-heading-title elementor-size-default\">Montclair State University<\/p>\t\t\t\t<\/div>\n\t\t\t\t<\/div>\n\t\t\t\t<div class=\"elementor-element elementor-element-8b1c29f elementor-widget elementor-widget-heading\" data-id=\"8b1c29f\" data-element_type=\"widget\" data-e-type=\"widget\" data-widget_type=\"heading.default\">\n\t\t\t\t<div class=\"elementor-widget-container\">\n\t\t\t\t\t<h2 class=\"elementor-heading-title elementor-size-default\">law bachelor degree<\/h2>\t\t\t\t<\/div>\n\t\t\t\t<\/div>\n\t\t\t\t<div class=\"elementor-element elementor-element-7a7d7bf elementor-widget elementor-widget-heading\" data-id=\"7a7d7bf\" data-element_type=\"widget\" data-e-type=\"widget\" data-widget_type=\"heading.default\">\n\t\t\t\t<div class=\"elementor-widget-container\">\n\t\t\t\t\t<p class=\"elementor-heading-title elementor-size-default\">Universidad Libre de Colombia<\/p>\t\t\t\t<\/div>\n\t\t\t\t<\/div>\n\t\t\t\t<\/div>\n\t\t\t\t\t<\/div>\n\t\t<\/div>\n\t\t\t\t\t\t<\/div>\n\t\t\t\t<\/div>\n\t\t\t\t<\/div>\n\t\t<div class=\"elementor-element elementor-element-330f0a8 e-con-full e-flex e-con e-child\" data-id=\"330f0a8\" data-element_type=\"container\" data-e-type=\"container\">\n\t\t\t\t<div class=\"elementor-element elementor-element-6210a65 elementor-align-center elementor-widget elementor-widget-button\" data-id=\"6210a65\" data-element_type=\"widget\" data-e-type=\"widget\" data-widget_type=\"button.default\">\n\t\t\t\t<div class=\"elementor-widget-container\">\n\t\t\t\t\t\t\t\t\t<div class=\"elementor-button-wrapper\">\n\t\t\t\t\t<a class=\"elementor-button elementor-button-link elementor-size-sm\" href=\"https:\/\/mmonicafernandez.com\/wp-content\/uploads\/2025\/05\/Resume-Fernandez-M-Monica-Fernandez.pdf\" target=\"_blank\">\n\t\t\t\t\t\t<span class=\"elementor-button-content-wrapper\">\n\t\t\t\t\t\t<span class=\"elementor-button-icon\">\n\t\t\t\t<svg aria-hidden=\"true\" class=\"e-font-icon-svg e-far-arrow-alt-circle-down\" viewBox=\"0 0 512 512\" xmlns=\"http:\/\/www.w3.org\/2000\/svg\"><path d=\"M256 8C119 8 8 119 8 256s111 248 248 248 248-111 248-248S393 8 256 8zm0 448c-110.5 0-200-89.5-200-200S145.5 56 256 56s200 89.5 200 200-89.5 200-200 200zm-32-316v116h-67c-10.7 0-16 12.9-8.5 20.5l99 99c4.7 4.7 12.3 4.7 17 0l99-99c7.6-7.6 2.2-20.5-8.5-20.5h-67V140c0-6.6-5.4-12-12-12h-40c-6.6 0-12 5.4-12 12z\"><\/path><\/svg>\t\t\t<\/span>\n\t\t\t\t\t\t\t\t\t<span class=\"elementor-button-text\">Download CV<\/span>\n\t\t\t\t\t<\/span>\n\t\t\t\t\t<\/a>\n\t\t\t\t<\/div>\n\t\t\t\t\t\t\t\t<\/div>\n\t\t\t\t<\/div>\n\t\t\t\t<div class=\"elementor-element elementor-element-8d06496 elementor-widget elementor-widget-spacer\" data-id=\"8d06496\" data-element_type=\"widget\" data-e-type=\"widget\" data-widget_type=\"spacer.default\">\n\t\t\t\t<div class=\"elementor-widget-container\">\n\t\t\t\t\t\t\t<div class=\"elementor-spacer\">\n\t\t\t<div class=\"elementor-spacer-inner\"><\/div>\n\t\t<\/div>\n\t\t\t\t\t\t<\/div>\n\t\t\t\t<\/div>\n\t\t\t\t<\/div>\n\t\t<div class=\"elementor-element elementor-element-4869970 e-con-full e-flex e-con e-child\" data-id=\"4869970\" data-element_type=\"container\" data-e-type=\"container\">\n\t\t\t\t<div class=\"elementor-element elementor-element-19d07b6 elementor-widget-divider--view-line elementor-widget elementor-widget-divider\" data-id=\"19d07b6\" data-element_type=\"widget\" data-e-type=\"widget\" data-widget_type=\"divider.default\">\n\t\t\t\t<div class=\"elementor-widget-container\">\n\t\t\t\t\t\t\t<div class=\"elementor-divider\">\n\t\t\t<span class=\"elementor-divider-separator\">\n\t\t\t\t\t\t<\/span>\n\t\t<\/div>\n\t\t\t\t\t\t<\/div>\n\t\t\t\t<\/div>\n\t\t\t\t<div class=\"elementor-element elementor-element-86dd9e8 elementor-widget elementor-widget-spacer\" data-id=\"86dd9e8\" data-element_type=\"widget\" data-e-type=\"widget\" data-widget_type=\"spacer.default\">\n\t\t\t\t<div class=\"elementor-widget-container\">\n\t\t\t\t\t\t\t<div class=\"elementor-spacer\">\n\t\t\t<div class=\"elementor-spacer-inner\"><\/div>\n\t\t<\/div>\n\t\t\t\t\t\t<\/div>\n\t\t\t\t<\/div>\n\t\t\t\t<div class=\"elementor-element elementor-element-a8c3b0c elementor-widget elementor-widget-heading\" data-id=\"a8c3b0c\" data-element_type=\"widget\" data-e-type=\"widget\" data-widget_type=\"heading.default\">\n\t\t\t\t<div class=\"elementor-widget-container\">\n\t\t\t\t\t<h2 class=\"elementor-heading-title elementor-size-default\">eager to collaborate<\/h2>\t\t\t\t<\/div>\n\t\t\t\t<\/div>\n\t\t\t\t<div class=\"elementor-element elementor-element-8396f51 elementor-widget elementor-widget-heading\" data-id=\"8396f51\" data-element_type=\"widget\" data-e-type=\"widget\" data-widget_type=\"heading.default\">\n\t\t\t\t<div class=\"elementor-widget-container\">\n\t\t\t\t\t<h5 class=\"elementor-heading-title elementor-size-default\">& share new perspectives<\/h5>\t\t\t\t<\/div>\n\t\t\t\t<\/div>\n\t\t\t\t<div class=\"elementor-element elementor-element-04bb55a elementor-widget elementor-widget-katen-section-header\" data-id=\"04bb55a\" data-element_type=\"widget\" data-e-type=\"widget\" data-widget_type=\"katen-section-header.default\">\n\t\t\t\t<div class=\"elementor-widget-container\">\n\t\t\t\t\t\n\t\t\t<div class=\"section-header\">\n\t\t\t\t<h3 class=\"section-title\"><\/h3>\n\t\t\t\t\t\t\t\t\t<svg width=\"33\" height=\"6\" xmlns=\"http:\/\/www.w3.org\/2000\/svg\">\n\t\t\t\t\t\t<defs>\n\t\t\t\t\t\t\t<linearGradient id=\"gradient\" x1=\"0%\" y1=\"0%\" x2=\"100%\" y2=\"0%\">\n\t\t\t\t\t\t\t\t<stop offset=\"0%\" stop-color=\"#ea3323\"><\/stop>\n\t\t\t\t\t\t\t\t<stop offset=\"100%\" stop-color=\"#7b1912\"><\/stop>\n\t\t\t\t\t\t\t<\/linearGradient>\n\t\t\t\t\t\t\t<\/defs>\n\t\t\t\t\t\t<path d=\"M33 1c-3.3 0-3.3 4-6.598 4C23.1 5 23.1 1 19.8 1c-3.3 0-3.3 4-6.599 4-3.3 0-3.3-4-6.6-4S3.303 5 0 5\" stroke=\"url(#gradient)\" stroke-width=\"2\" fill=\"none\"><\/path>\n\t\t\t\t\t<\/svg>\n\t\t\t\t\t\t\t\t\t\t\t<\/div>\n\n        \t\t\t\t<\/div>\n\t\t\t\t<\/div>\n\t\t\t\t<\/div>\n\t\t<div class=\"elementor-element elementor-element-e0e1933 e-con-full e-flex e-con e-child\" data-id=\"e0e1933\" data-element_type=\"container\" data-e-type=\"container\">\n\t\t\t\t<div class=\"elementor-element elementor-element-d8c8127 elementor-widget__width-initial elementor-widget elementor-widget-katen-contact-info\" data-id=\"d8c8127\" data-element_type=\"widget\" data-e-type=\"widget\" data-widget_type=\"katen-contact-info.default\">\n\t\t\t\t<div class=\"elementor-widget-container\">\n\t\t\t\t\t\n\t\t\t<div class=\"contact-item bordered rounded d-flex align-items-center\">\n\t\t\t\t\t\t\t\t\t<span class=\"icon icon-paper-plane\"><\/span>\n\t\t\t\t\t\t\t\t<div class=\"details\">\n\t\t\t\t\t<h3 class=\"mb-0 mt-0\">Get in touch<\/h3>\n\t\t\t\t\t<p class=\"mb-0\">mmonicaferp@gmail.com<\/p>\n\t\t\t\t<\/div>\n\t\t\t<\/div>\n\n        \t\t\t\t<\/div>\n\t\t\t\t<\/div>\n\t\t\t\t<\/div>\n\t\t\t\t\t<\/div>\n\t\t\t\t<\/div>\n\t\t\t\t<\/div>\n\t\t","protected":false},"excerpt":{"rendered":"<p>EXPLORING STORIES CREATING CONNECTIONS Mar\u00eda M\u00f3nica Fern\u00e1ndez Her work has earned significant recognition, including a nomination for the prestigious NAHJ \u00d1 Award for a standout multimedia project at CUNY\u2019s Craig Newmark Graduate School of Journalism. She\u2019s a Univision Scholarship recipient and was honored by the Women\u2019s Media Group for her dedication to impactful reporting. As [&hellip;]<\/p>\n","protected":false},"author":1,"featured_media":0,"parent":0,"menu_order":0,"comment_status":"closed","ping_status":"closed","template":"elementor_header_footer","meta":{"footnotes":""},"class_list":["post-12336","page","type-page","status-publish","hentry"],"_links":{"self":[{"href":"https:\/\/mmonicafernandez.com\/index.php?rest_route=\/wp\/v2\/pages\/12336","targetHints":{"allow":["GET"]}}],"collection":[{"href":"https:\/\/mmonicafernandez.com\/index.php?rest_route=\/wp\/v2\/pages"}],"about":[{"href":"https:\/\/mmonicafernandez.com\/index.php?rest_route=\/wp\/v2\/types\/page"}],"author":[{"embeddable":true,"href":"https:\/\/mmonicafernandez.com\/index.php?rest_route=\/wp\/v2\/users\/1"}],"replies":[{"embeddable":true,"href":"https:\/\/mmonicafernandez.com\/index.php?rest_route=%2Fwp%2Fv2%2Fcomments&post=12336"}],"version-history":[{"count":96,"href":"https:\/\/mmonicafernandez.com\/index.php?rest_route=\/wp\/v2\/pages\/12336\/revisions"}],"predecessor-version":[{"id":13071,"href":"https:\/\/mmonicafernandez.com\/index.php?rest_route=\/wp\/v2\/pages\/12336\/revisions\/13071"}],"wp:attachment":[{"href":"https:\/\/mmonicafernandez.com\/index.php?rest_route=%2Fwp%2Fv2%2Fmedia&parent=12336"}],"curies":[{"name":"wp","href":"https:\/\/api.w.org\/{rel}","templated":true}]}}